{"id":594,"date":"2022-03-23T23:02:07","date_gmt":"2022-03-23T23:02:07","guid":{"rendered":"https:\/\/casanieto.com\/?post_type=product&#038;p=594"},"modified":"2022-08-11T03:49:36","modified_gmt":"2022-08-11T03:49:36","slug":"carretes-de-metal-para-maquina-de-coser-recta-2","status":"publish","type":"product","link":"https:\/\/casanieto.com\/en\/tienda\/sin-categorizar\/carretes-de-metal-para-maquina-de-coser-recta-2\/","title":{"rendered":"Carretel De Metal Para M\u00e1quina De Coser Recta"},"content":{"rendered":"<p><b class=\"t-negro\">Descripci\u00f3n:<\/b>_x005F_x000D_<br \/>\n_x005F_x000D_<br \/>\nPaquete de carretes met\u00e1licos original (Towa Japonesa) para bobinas de m\u00e1quinas de coser rectas industriales Brother._x005F_x000D_<\/p>\n<ul>_x005F_x000D_<\/p>\n<li>Paq. de 10 pzas.<\/li>\n<p>_x005F_x000D_\n<\/ul>\n<p>_x005F_x000D_<br \/>\n&nbsp;_x005F_x000D_<br \/>\n_x005F_x000D_<br \/>\n<b class=\"t-negro\">Modelo:<\/b>\u00a0<span class=\"texto\">2 T<\/span>_x005F_x000D_<br \/>\n_x005F_x000D_<br \/>\n<b class=\"t-negro\">Marca:<\/b>\u00a0<span class=\"texto\">TOWA<\/span><\/p>","protected":false},"excerpt":{"rendered":"<p>Descripci\u00f3n:_x005F_x000D_ _x005F_x000D_ Paquete de carretes met\u00e1licos original (Towa Japonesa) para bobinas de m\u00e1quinas de coser rectas industriales Brother._x005F_x000D_ _x005F_x000D_ Paq. de 10 pzas. _x005F_x000D_ _x005F_x000D_ &nbsp;_x005F_x000D_ _x005F_x000D_ Modelo:\u00a02 T_x005F_x000D_ _x005F_x000D_ Marca:\u00a0TOWA<\/p>","protected":false},"featured_media":76,"template":"","meta":[],"product_brand":[],"product_cat":[15],"product_tag":[],"class_list":{"0":"post-594","1":"product","2":"type-product","3":"status-publish","4":"has-post-thumbnail","6":"product_cat-sin-categorizar","8":"first","9":"instock","10":"shipping-taxable","11":"purchasable","12":"product-type-simple"},"_links":{"self":[{"href":"https:\/\/casanieto.com\/en\/wp-json\/wp\/v2\/product\/594","targetHints":{"allow":["GET"]}}],"collection":[{"href":"https:\/\/casanieto.com\/en\/wp-json\/wp\/v2\/product"}],"about":[{"href":"https:\/\/casanieto.com\/en\/wp-json\/wp\/v2\/types\/product"}],"wp:featuredmedia":[{"embeddable":true,"href":"https:\/\/casanieto.com\/en\/wp-json\/wp\/v2\/media\/76"}],"wp:attachment":[{"href":"https:\/\/casanieto.com\/en\/wp-json\/wp\/v2\/media?parent=594"}],"wp:term":[{"taxonomy":"product_brand","embeddable":true,"href":"https:\/\/casanieto.com\/en\/wp-json\/wp\/v2\/product_brand?post=594"},{"taxonomy":"product_cat","embeddable":true,"href":"https:\/\/casanieto.com\/en\/wp-json\/wp\/v2\/product_cat?post=594"},{"taxonomy":"product_tag","embeddable":true,"href":"https:\/\/casanieto.com\/en\/wp-json\/wp\/v2\/product_tag?post=594"}],"curies":[{"name":"wp","href":"https:\/\/api.w.org\/{rel}","templated":true}]}}